{"id":8475,"date":"2025-11-18T13:14:05","date_gmt":"2025-11-18T16:14:05","guid":{"rendered":"https:\/\/ficer.com.ar\/2025\/?page_id=8475"},"modified":"2025-11-19T08:32:31","modified_gmt":"2025-11-19T11:32:31","slug":"premios-forum","status":"publish","type":"page","link":"https:\/\/ficer.com.ar\/2025\/premios-forum\/","title":{"rendered":"Premios Forum"},"content":{"rendered":"\t\t<div data-elementor-type=\"wp-page\" data-elementor-id=\"8475\" class=\"elementor elementor-8475\" data-elementor-post-type=\"page\">\n\t\t\t\t<div class=\"elementor-element elementor-element-4860827 e-flex e-con-boxed wpr-particle-no wpr-jarallax-no wpr-parallax-no wpr-sticky-section-no wpr-equal-height-no e-con e-parent\" data-id=\"4860827\" data-element_type=\"container\" data-e-type=\"container\">\n\t\t\t\t\t<div class=\"e-con-inner\">\n\t\t\t\t<div class=\"elementor-element elementor-element-2b979f1 elementor-widget__width-initial elementor-widget elementor-widget-heading\" data-id=\"2b979f1\" data-element_type=\"widget\" data-e-type=\"widget\" data-widget_type=\"heading.default\">\n\t\t\t\t\t<h2 class=\"elementor-heading-title elementor-size-default\">PREMIOS FURUM<\/h2>\t\t\t\t<\/div>\n\t\t\t\t\t<\/div>\n\t\t\t\t<\/div>\n\t\t<div class=\"elementor-element elementor-element-8c29347 e-flex e-con-boxed wpr-particle-no wpr-jarallax-no wpr-parallax-no wpr-sticky-section-no wpr-equal-height-no e-con e-parent\" data-id=\"8c29347\" data-element_type=\"container\" data-e-type=\"container\" data-settings=\"{&quot;background_background&quot;:&quot;classic&quot;}\">\n\t\t\t\t\t<div class=\"e-con-inner\">\n\t\t\t\t<div class=\"elementor-element elementor-element-77407db elementor-widget elementor-widget-text-editor\" data-id=\"77407db\" data-element_type=\"widget\" data-e-type=\"widget\" data-widget_type=\"text-editor.default\">\n\t\t\t\t\t\t\t\t\t<h3><span style=\"color: #ffffff;\"><strong>Oficiales<\/strong><\/span><\/h3><p><strong>* Primer premio: $ 2.000.000 (pesos dos millones)*<\/strong><br \/><strong>* Segundo premio: $ 1.000.000 (pesos un mill\u00f3n)*<\/strong><br \/><strong>* Tercer premio: $ 1.000.000 (pesos un mill\u00f3n)*<\/strong><\/p><p>* Aportados por la Delegaci\u00f3n Argentina ante la Comisi\u00f3n T\u00e9cnica Mixta de Salto Grande.<\/p><h3><span style=\"color: #ffffff;\"><strong>Premios de la industria<\/strong><\/span><\/h3><p>* <strong>Premio Alanorte:<\/strong> Jornadas de equipamiento para el mejor proyecto entrerriano.<\/p><p>*<strong>Premio ZUB:<\/strong> Una semana de mezcla de sonido para un proyecto.<\/p><p>*<strong>Premio HD Argentina:<\/strong> Conforming, correcci\u00f3n de color y armado DCP para un proyecto.<\/p><p>*<strong>Premio Estudio Silver:<\/strong> Traducci\u00f3n al ingl\u00e9s para un proyecto.<\/p><p>*<strong>Premio Drago&amp;Schaff:<\/strong> M\u00fasica y posproducci\u00f3n de audio para trailer o teaser de hasta dos minutos para un proyecto.<\/p><p>*<strong>Premio Cinetren:<\/strong> Tutor\u00eda en construcci\u00f3n de audiencia para proyecto seleccionado.<\/p><p>*<strong>Premio Mostra Cine:<\/strong> Asesor\u00eda para implementaci\u00f3n de campa\u00f1a de impacto social y dise\u00f1o de coproducci\u00f3n<br \/>internacional al mejor proyecto con impacto social.<\/p><p>*<strong>Premio Pulsar:<\/strong> Pase directo a PULSAR 2026 para proyecto entrerriano seleccionado.<\/p><p>*<strong>Premio IAAVIM:<\/strong> Pase directo a MAEF 2026 para proyecto entrerriano seleccionado.<\/p><p>*<strong>Premio FAB:<\/strong> Pase directo a FAB 2026 para proyecto entrerriano seleccionado.<\/p><p>*<strong>Premio Machaco + Aramos:<\/strong> Asesor\u00eda en coproducci\u00f3n internacional para el mejor proyecto de cine de g\u00e9nero.<\/p><p>*<strong>Premio ARAER:<\/strong><br \/>1 premio de 1.000.000 de pesos para el mejor proyecto entrerriano<br \/>y 2 premios de 500.000 para el segundo y tercer lugar.<\/p>\t\t\t\t\t\t\t\t<\/div>\n\t\t\t\t\t<\/div>\n\t\t\t\t<\/div>\n\t\t\t\t<\/div>\n\t\t","protected":false},"excerpt":{"rendered":"<p>PREMIOS FURUM Oficiales * Primer premio: $ 2.000.000 (pesos dos millones)** Segundo premio: $ 1.000.000 (pesos un mill\u00f3n)** Tercer premio: $ 1.000.000 (pesos un mill\u00f3n)* * Aportados por la Delegaci\u00f3n Argentina ante la Comisi\u00f3n T\u00e9cnica Mixta de Salto Grande. Premios de la industria * Premio Alanorte: Jornadas de equipamiento para el mejor proyecto entrerriano. *Premio ZUB: Una semana de mezcla de sonido para un proyecto. *Premio HD Argentina: Conforming, correcci\u00f3n de color y armado DCP para un proyecto. *Premio Estudio Silver: Traducci\u00f3n al ingl\u00e9s para un proyecto. *Premio Drago&amp;Schaff: M\u00fasica y posproducci\u00f3n de audio para trailer o teaser de hasta dos minutos para un proyecto. *Premio Cinetren: Tutor\u00eda en construcci\u00f3n de audiencia para proyecto seleccionado. *Premio Mostra Cine: Asesor\u00eda para implementaci\u00f3n de campa\u00f1a de impacto social y dise\u00f1o de coproducci\u00f3ninternacional al mejor proyecto con impacto social. *Premio Pulsar: Pase directo a PULSAR 2026 para proyecto entrerriano seleccionado. *Premio IAAVIM: Pase directo a MAEF 2026 para proyecto entrerriano seleccionado. *Premio FAB: Pase directo a FAB 2026 para proyecto entrerriano seleccionado. *Premio Machaco + Aramos: Asesor\u00eda en coproducci\u00f3n internacional para el mejor proyecto de cine de g\u00e9nero. *Premio ARAER:1 premio de 1.000.000 de pesos para el mejor proyecto entrerrianoy 2 premios de 500.000 para el segundo y tercer lugar.<\/p>\n","protected":false},"author":16,"featured_media":0,"parent":0,"menu_order":0,"comment_status":"closed","ping_status":"closed","template":"","meta":{"footnotes":""},"tags":[],"class_list":["post-8475","page","type-page","status-publish","hentry"],"_links":{"self":[{"href":"https:\/\/ficer.com.ar\/2025\/wp-json\/wp\/v2\/pages\/8475","targetHints":{"allow":["GET"]}}],"collection":[{"href":"https:\/\/ficer.com.ar\/2025\/wp-json\/wp\/v2\/pages"}],"about":[{"href":"https:\/\/ficer.com.ar\/2025\/wp-json\/wp\/v2\/types\/page"}],"author":[{"embeddable":true,"href":"https:\/\/ficer.com.ar\/2025\/wp-json\/wp\/v2\/users\/16"}],"replies":[{"embeddable":true,"href":"https:\/\/ficer.com.ar\/2025\/wp-json\/wp\/v2\/comments?post=8475"}],"version-history":[{"count":16,"href":"https:\/\/ficer.com.ar\/2025\/wp-json\/wp\/v2\/pages\/8475\/revisions"}],"predecessor-version":[{"id":8639,"href":"https:\/\/ficer.com.ar\/2025\/wp-json\/wp\/v2\/pages\/8475\/revisions\/8639"}],"wp:attachment":[{"href":"https:\/\/ficer.com.ar\/2025\/wp-json\/wp\/v2\/media?parent=8475"}],"wp:term":[{"taxonomy":"post_tag","embeddable":true,"href":"https:\/\/ficer.com.ar\/2025\/wp-json\/wp\/v2\/tags?post=8475"}],"curies":[{"name":"wp","href":"https:\/\/api.w.org\/{rel}","templated":true}]}}